{"id":1135,"date":"2020-05-14T14:13:59","date_gmt":"2020-05-14T12:13:59","guid":{"rendered":"http:\/\/www.mer-et-yourtes.com\/tourisme-finistere\/"},"modified":"2020-06-17T16:52:56","modified_gmt":"2020-06-17T14:52:56","slug":"tourism-finistere","status":"publish","type":"page","link":"https:\/\/www.campingkerlaudy.com\/en\/tourism-finistere\/","title":{"rendered":"Alentours : Finistere"},"content":{"rendered":"<section id=\"section-5ebea74a65513\"\" class=\"section bg-color1\" \/><div class=\"container extralarge\"><h1 class=\"element section-title center\">Tourism Finist\u00e8re<\/h1><\/div><\/section>\n\n<section id=\"section-5ebea74a65b41\"\" class=\"section bg-white\" \/><div class=\"container full\"><div class=\"colonnes-wrap valign-middle \"><div class=\"element colonne p-x-10\"><div class=\"element images scroll-x-mobile\"><div class=\"image\"><img decoding=\"async\" src=\"https:\/\/www.campingkerlaudy.com\/wp-content\/uploads\/2020\/06\/vue-roscoff.jpg\"  alt=\"vue roscoff\" class=\"images_image\"><\/div><div class=\"image\"><img decoding=\"async\" src=\"https:\/\/www.campingkerlaudy.com\/wp-content\/uploads\/2020\/06\/mairie-roscoff.jpg\"  alt=\"mairie roscoff\" class=\"images_image\"><\/div><\/div><div class=\"element images scroll-x-mobile\"><div class=\"image\"><img decoding=\"async\" src=\"https:\/\/www.campingkerlaudy.com\/wp-content\/uploads\/2020\/06\/morlaix-tourisme.jpg\"  alt=\"morlaix tourisme\" class=\"images_image\"><\/div><div class=\"image\"><img decoding=\"async\" src=\"https:\/\/www.campingkerlaudy.com\/wp-content\/uploads\/2020\/06\/visite-baie-morlaix.jpg\"  alt=\"visite baie morlaix\" class=\"images_image\"><\/div><\/div><\/div><div class=\"element colonne p-x-10\"><h2 class=\"element section-title left color1\">Finist\u00e8re, a region of character  <\/h2><div class=\"element bloc-text justify \">\n\t<p>The sea and yurts campsite, camping Roscoff in Brittany is located on the north coast of the Finist\u00e8re department. The region of the L\u00e9on country has kept its <strong class=\"bold color1\">authenticity and its natural charm<\/strong>. From large spectacular stretches of beach like Santec or Carantec through the typical villages of the coast like Roscoff or Plougasnou and of course the Bay of Morlaix, your stay at the <a href=\"\/en\/\">village sea and yurts of Plou\u00e9nan<\/a> reserves you <strong class=\"bold color1\">many surprises !<\/strong><\/p>\n<p>Let us take you on board for the islands: <strong class=\"bold color1\">ile Callot<\/strong>, <strong class=\"bold color1\">ile de Batz<\/strong>, <strong class=\"bold color1\">ile Louet<\/strong> you will discover the pleasure of the walk at sea to meet warm people and splendid preserved places<\/strong>. Undoubtedly, your holiday starts in <a href=\"http:\/\/www.finisterebrittany.com\/\" target=\"_blank\" rel=\"noopener\">Finist\u00e8re<\/a> in our campsite near the sea,&#8221; sea and yurts&#8221;.<\/p>\n<p><strong class=\"bold color1\">Kenavo!<\/strong><\/p>\n<\/div><\/div><\/div><\/div><\/section>\n\n<section id=\"section-5ebea74a661d7\"\" class=\"section bg-color3\" \/><div class=\"container full\"><div class=\"colonnes-wrap valign-middle \"><div class=\"element colonne p-x-10\"><h2 class=\"element section-title left color1\">Take the time to discover Saint Pol de l\u00e9on<\/h2><div class=\"element bloc-text justify \">\n\t<p>Come and discover this small coastal village 5 min from your sea and yurt rental in Finist\u00e8re, camping Saint Pol de L\u00e9on. Your walk will revolve around <strong class=\"bold color1\">the ancient Cathedral of Saint Paul-Aur\u00e9lien<\/strong> whose foundations date back to the 12\u1d49 century. The architects were inspired by the <strong class=\"bold color1\">Cathedral of Coutances<\/strong> to build it, the nave is in Norman limestone but the rest of the construction is in Breton granite. Then you will continue your walk in the street of the <strong class=\"bold color1\">General Leclerc<\/strong> where <strong class=\"bold color1\">beautiful old houses<\/strong> follow one another, observe at n\u00b09 the house has a wooden facade covered with slates, and at n\u00b012 a house with a corbelled turret. Finally raise your eyes and admire the bell tower of the <strong class=\"bold color1\">chapelle Kreisker<\/strong> which culminates at 78 meters high, for the most courageous, climb to the top of the tower, 179 steps to climb to enjoy a <strong class=\"bold color1\">magnificent panorama on the island of Batz<\/strong>, the coast and the hinterland.<\/p>\n<p>Then take your car to go and relax at <strong class=\"bold color1\">l&#8217;\u00celot Sainte Anne<\/strong> by going to the rock by a footbridge surrounded by the sea. Practical question, you will find all the necessary services during your stay at the sea and yurts campsite near Saint Pol de L\u00e9on: food, fuel, pharmacy &#8230; in this small village located a few minutes from the campsite. Don&#8217;t wait any longer to book your stay at the campsite near Saint Pol de L\u00e9on.<\/p>\n<\/div><h3 class=\"element section-title left color1\">Discover Carantec<\/h3><div class=\"element bloc-text justify \">\n\t<p><strong class=\"bold color1\">Family seaside resort<\/strong>, today bearing the &#8220;famille plus&#8221; label, Carantec stretches over a peninsula between the Penz\u00e9 and the river Morlaix. De <strong class=\"bold color1\">beautiful family villas<\/strong> on the seafront provide charm and elegance to this pretty village. Start by going to see Callot Island, be careful, its road is submersible to the rhythms of the tides, be careful. Direction the <strong class=\"bold color1\">point of Pen Al lann<\/strong>, for a stroll on the Gr34 to observe on the Louet island, the <strong class=\"bold color1\">Ch\u00e2teau du Taureau<\/strong>, the view from <strong class=\"bold color1\">Bloscon&#8217;s point to Roscoff<\/strong> to the <strong class=\"bold color1\">Diben&#8217;s and Primel&#8217;s point to the east<\/strong>.<\/p>\n<p>The most frequented beaches of Carantec where you can spend beautiful afternoons with your family are the beach of the Gr\u00e8ve Blanche or the beach of the Kelenn strike. After this beautiful day at the seaside where <strong class=\"bold color1\">sublime panoramas follow one another<\/strong>, come back to the campsite near Carantec, the village Mer and Yourtes. <\/p>\n<\/div><\/div><div class=\"element colonne p-x-10\"><div class=\"element bloc-text justify \">\n\t<p><iframe style=\"width: 100%; height: 650px;\" src=\"https:\/\/www.youtube.com\/embed\/3ErTFKAYgbI\" frameborder=\"0\" allow=\"accelerometer; autoplay; encrypted-media; gyroscope; picture-in-picture\" allowfullscreen><\/iframe><\/p>\n<\/div><\/div><\/div><\/div><\/section>\n\n<section id=\"section-5ebea4327f689\"\" class=\"section bg-white\" \/><div class=\"container full\"><div class=\"colonnes-wrap valign-middle \"><div class=\"element colonne p-x-10\"><div class=\"element images scroll-x-mobile\"><div class=\"image\"><img decoding=\"async\" src=\"https:\/\/www.campingkerlaudy.com\/wp-content\/uploads\/2020\/06\/visite-brest.jpg\"  alt=\"visite brest\" class=\"images_image\"><\/div><div class=\"image\"><img decoding=\"async\" src=\"https:\/\/www.campingkerlaudy.com\/wp-content\/uploads\/2020\/06\/plougasnou.jpg\"  alt=\"plougasnou\" class=\"images_image\"><\/div><\/div><div class=\"element images scroll-x-mobile\"><div class=\"image\"><img decoding=\"async\" src=\"https:\/\/www.campingkerlaudy.com\/wp-content\/uploads\/2020\/06\/pavillon-bretagne.jpg\"  alt=\"pavillon bretagne\" class=\"images_image\"><\/div><div class=\"image\"><img decoding=\"async\" src=\"https:\/\/www.campingkerlaudy.com\/wp-content\/uploads\/2020\/06\/tourisme-brest.jpg\"  alt=\"tourisme brest\" class=\"images_image\"><\/div><\/div><\/div><div class=\"element colonne p-x-10\"><h2 class=\"element section-title left color1\">Visit Plougasnou and Locquirec<\/h2><div class=\"element bloc-text justify \">\n\t<p>At 30 minutes from camping Morlaix, the Village Mer and Yourtes, are Plougasnou and Locquirec. These <strong class=\"bold color1\">two Breton coastal villages<\/strong> are located on the coast of Les Bruy\u00e8res to the east of the Bay of Morlaix. This wild part of the Tr\u00e9gor coastline hides <strong class=\"bold color1\">creeks<\/strong> and <strong class=\"bold color1\">beautiful beaches for family bathing<\/strong>. Start your discovery in Plou\u00e9zoc&#8217;h, and discover the <strong class=\"bold color1\">grand Cairn de Barnenez<\/strong>, a historical site where stands a <strong class=\"bold color1\">Megalithic mausoleum<\/strong> made of stones on a green peninsula. <\/p>\n<p>Then direction towards the <strong class=\"bold color1\">Pointe de Diben<\/strong> and the <strong class=\"bold color1\">pointe de Primel<\/strong> on the commune of Plougasnou, on these grounds you will be able to observe large Pink Rocks. Then you can go along the coast which hides <strong class=\"bold color1\">wonderful panoramas<\/strong> until the <strong class=\"bold color1\">point of Locquirec<\/strong> or on the beach of Pors ar Villiec, you can observe many surfers. Back in a yurt at the campsite in the bay of Morlaix, you will be able to <strong class=\"bold color1\">taste a well deserved rest<\/strong>.<\/p>\n<\/div><h3 class=\"element section-title left color1\">Tourism Brest  <\/h3><div class=\"element bloc-text justify \">\n\t<p>At 45 min from the campsite sea and yurts, don&#8217;t forget to make a detour to <strong class=\"bold color1\">Brest<\/strong>, its harbour and its famous <strong class=\"bold color1\">oceanographic museum<\/strong>: Oc\u00e9anopolis, not to be missed! It is home to more than 10,000 animals of 1000 different species, it is a <strong class=\"bold color1\">gigantesque showcase of ocean life<\/strong>. <\/p>\n<p>Discover the <strong class=\"bold color1\">Brittany Pavilion<\/strong>, then the <strong class=\"bold color1\">Tropical Pavilion<\/strong> with the shark basin, then the Polar Basin with the penguin basin, which by their acrobatics will delight young and old. For a recreational afternoon, you can pass the park: <strong class=\"bold color1\">la R\u00e9cr\u00e9 des 3 cur\u00e9s<\/strong> amusement park near Brest, in Milizac or the many attractions such as roller coaster, water slides &#8230;. After this day of intense activity, return to the campsite near Brest, Mer and Yurts, your yurt is waiting for you by the sea. <\/p>\n<\/div><\/div><\/div><\/div><\/section>\n\n<section id=\"section-5ebea47f5868c\"\" class=\"section bg-color3\" \/><div class=\"container full\"><div class=\"colonnes-wrap valign-middle \"><div class=\"element colonne p-x-10\"><h2 class=\"element section-title left color1\">The seaside resort of Perros Guirec<\/h2><div class=\"element bloc-text justify \">\n\t<p>Situated one hour drive from the sea and yurts campsite, <strong class=\"bold color1\">Perros Guirec<\/strong>, is a very popular C\u00f4tes d&#8217;Armor seaside resort in North Brittany. It nests in an amphitheatre-shaped <strong class=\"bold color1\">natural site<\/strong> surrounded by cliffs and pink granite. Bordered by fine sandy beaches such as Trestraou or Trestrignel, you are bound to find what you are looking for if you spend some time there with family or friends. <\/p>\n<p>You will enjoy <strong class=\"bold color1\">superb walks along this pink granite coast<\/strong>. Beautiful beaches, especially in the small town of Ploumanac&#8217;h are ideal for relaxation and idleness.<\/p>\n<p>After beautiful walks on the customs officers&#8217; trail, return to your yurt at the camping mer et yourtes, near the sea in Brittany, North Finist\u00e8re.<\/p>\n<\/div><h2 class=\"element section-title left color1\">Visit of Paimpol and Brehat Island<\/h2><div class=\"element bloc-text justify \">\n\t<p>Situated 1H20 drive from the sea and yurts campsite, <strong class=\"bold color1\">Paimpol<\/strong> is one of the most famous village of Brittany. This small maritime city is very popular for its walks and very marked by the epics of 19\u1d49 century of the great cod fishing. Don&#8217;t miss all the views of the Go\u00eblo coast and the view of Br\u00e9hat from the tip of the Arcouest.<\/p>\n<p>Br\u00e9hat, one of the small Breton paradises, is to be discovered preferably out of season in order to be able to visit it on foot or by bicycle and to be able to contemplate the extraordinary nature of the one which one nicknames &#8220;the island with the flowers&#8221;&#8230;<\/p>\n<\/div><\/div><div class=\"element colonne p-x-10\"><div class=\"element images scroll-x-mobile\"><div class=\"image\"><img decoding=\"async\" src=\"https:\/\/www.campingkerlaudy.com\/wp-content\/uploads\/2020\/06\/perros-guirrec.jpg\"  alt=\"perros guirrec\" class=\"images_image\"><\/div><\/div><\/div><\/div><\/div><\/section>\n\n<section id=\"section-5ebea74a672e3\"\" class=\"section bg-color3\" \/><div class=\"container\"><div class=\"element section-title center titre-cta color1\">Discover Roscoff and Morlaix<\/div><ul class=\"liste-de-page scroll-x-mobile\"><li class=\"element call-to-action center titre-cta color1 call-to-action--style-1 call-to-action--normal\"><a href=\"https:\/\/www.campingkerlaudy.com\/en\/campsite-roscoff\/\"  class=\"call-to-action_link\" title=\"Find out more about roscoff \/ the isle of batz\"><div class=\"call-to-action_image\"><img decoding=\"async\" src=\"https:\/\/www.campingkerlaudy.com\/wp-content\/uploads\/2020\/06\/vacances-roscoff.jpg\"  alt=\"vacances roscoff\" class=\"normal\"><\/div><div class=\"call-to-action_contenu\"><div class=\"call-to-action_titre\">Roscoff \/ the Isle of Batz<\/div><\/div><\/a><\/li><li class=\"element call-to-action center titre-cta color1 call-to-action--style-1 call-to-action--normal call-to-action--style-1 call-to-action--normal\"><a href=\"https:\/\/www.campingkerlaudy.com\/en\/campsite-morlaix\/\"  class=\"call-to-action_link\" title=\"Find out more about morlaix\"><div class=\"call-to-action_image\"><img decoding=\"async\" src=\"https:\/\/www.campingkerlaudy.com\/wp-content\/uploads\/2020\/06\/tourisme-morlaix.jpg\"  alt=\"tourisme morlaix\" class=\"normal\"><\/div><div class=\"call-to-action_contenu\"><div class=\"call-to-action_titre\">Morlaix<\/div><\/div><\/a><\/li><\/ul><\/div><\/section>","protected":false},"excerpt":{"rendered":"","protected":false},"author":1,"featured_media":1024,"parent":0,"menu_order":0,"comment_status":"closed","ping_status":"closed","template":"","meta":[],"acf":[],"yoast_head":"<!-- This site is optimized with the Yoast SEO plugin v20.13 - https:\/\/yoast.com\/wordpress\/plugins\/seo\/ -->\n<title>Tourism Finist\u00e8re | Activities and sightseeing in Finist\u00e8re - Brittany<\/title>\n<meta name=\"robots\" content=\"index, follow, max-snippet:-1, max-image-preview:large, max-video-preview:-1\" \/>\n<link rel=\"canonical\" href=\"https:\/\/www.campingkerlaudy.com\/en\/tourism-finistere\/\" \/>\n<meta property=\"og:locale\" content=\"en_US\" \/>\n<meta property=\"og:type\" content=\"article\" \/>\n<meta property=\"og:title\" content=\"Tourism Finist\u00e8re | Activities and sightseeing in Finist\u00e8re - Brittany\" \/>\n<meta property=\"og:url\" content=\"https:\/\/www.campingkerlaudy.com\/en\/tourism-finistere\/\" \/>\n<meta property=\"og:site_name\" content=\"Camping Kerlaudy Mer Yourtes\" \/>\n<meta property=\"article:modified_time\" content=\"2020-06-17T14:52:56+00:00\" \/>\n<meta property=\"og:image\" content=\"https:\/\/www.campingkerlaudy.com\/wp-content\/uploads\/2020\/06\/vacances-finistere.jpg\" \/>\n\t<meta property=\"og:image:width\" content=\"1903\" \/>\n\t<meta property=\"og:image:height\" content=\"500\" \/>\n\t<meta property=\"og:image:type\" content=\"image\/jpeg\" \/>\n<meta name=\"twitter:card\" content=\"summary_large_image\" \/>\n<script type=\"application\/ld+json\" class=\"yoast-schema-graph\">{\"@context\":\"https:\/\/schema.org\",\"@graph\":[{\"@type\":\"WebPage\",\"@id\":\"https:\/\/www.campingkerlaudy.com\/en\/tourism-finistere\/\",\"url\":\"https:\/\/www.campingkerlaudy.com\/en\/tourism-finistere\/\",\"name\":\"Tourism Finist\u00e8re | Activities and sightseeing in Finist\u00e8re - Brittany\",\"isPartOf\":{\"@id\":\"https:\/\/www.campingkerlaudy.com\/en\/#website\"},\"datePublished\":\"2020-05-14T12:13:59+00:00\",\"dateModified\":\"2020-06-17T14:52:56+00:00\",\"breadcrumb\":{\"@id\":\"https:\/\/www.campingkerlaudy.com\/en\/tourism-finistere\/#breadcrumb\"},\"inLanguage\":\"en-US\",\"potentialAction\":[{\"@type\":\"ReadAction\",\"target\":[\"https:\/\/www.campingkerlaudy.com\/en\/tourism-finistere\/\"]}]},{\"@type\":\"BreadcrumbList\",\"@id\":\"https:\/\/www.campingkerlaudy.com\/en\/tourism-finistere\/#breadcrumb\",\"itemListElement\":[{\"@type\":\"ListItem\",\"position\":1,\"name\":\"Finistere Yurt\",\"item\":\"https:\/\/www.campingkerlaudy.com\/en\/\"},{\"@type\":\"ListItem\",\"position\":2,\"name\":\"Holidays in Finist\u00e8re\"}]},{\"@type\":\"WebSite\",\"@id\":\"https:\/\/www.campingkerlaudy.com\/en\/#website\",\"url\":\"https:\/\/www.campingkerlaudy.com\/en\/\",\"name\":\"Camping Kerlaudy Mer Yourtes\",\"description\":\"\",\"potentialAction\":[{\"@type\":\"SearchAction\",\"target\":{\"@type\":\"EntryPoint\",\"urlTemplate\":\"https:\/\/www.campingkerlaudy.com\/en\/?s={search_term_string}\"},\"query-input\":\"required name=search_term_string\"}],\"inLanguage\":\"en-US\"}]}<\/script>\n<!-- \/ Yoast SEO plugin. -->","yoast_head_json":{"title":"Tourism Finist\u00e8re | Activities and sightseeing in Finist\u00e8re - Brittany","robots":{"index":"index","follow":"follow","max-snippet":"max-snippet:-1","max-image-preview":"max-image-preview:large","max-video-preview":"max-video-preview:-1"},"canonical":"https:\/\/www.campingkerlaudy.com\/en\/tourism-finistere\/","og_locale":"en_US","og_type":"article","og_title":"Tourism Finist\u00e8re | Activities and sightseeing in Finist\u00e8re - Brittany","og_url":"https:\/\/www.campingkerlaudy.com\/en\/tourism-finistere\/","og_site_name":"Camping Kerlaudy Mer Yourtes","article_modified_time":"2020-06-17T14:52:56+00:00","og_image":[{"width":1903,"height":500,"url":"https:\/\/www.campingkerlaudy.com\/wp-content\/uploads\/2020\/06\/vacances-finistere.jpg","type":"image\/jpeg"}],"twitter_card":"summary_large_image","schema":{"@context":"https:\/\/schema.org","@graph":[{"@type":"WebPage","@id":"https:\/\/www.campingkerlaudy.com\/en\/tourism-finistere\/","url":"https:\/\/www.campingkerlaudy.com\/en\/tourism-finistere\/","name":"Tourism Finist\u00e8re | Activities and sightseeing in Finist\u00e8re - Brittany","isPartOf":{"@id":"https:\/\/www.campingkerlaudy.com\/en\/#website"},"datePublished":"2020-05-14T12:13:59+00:00","dateModified":"2020-06-17T14:52:56+00:00","breadcrumb":{"@id":"https:\/\/www.campingkerlaudy.com\/en\/tourism-finistere\/#breadcrumb"},"inLanguage":"en-US","potentialAction":[{"@type":"ReadAction","target":["https:\/\/www.campingkerlaudy.com\/en\/tourism-finistere\/"]}]},{"@type":"BreadcrumbList","@id":"https:\/\/www.campingkerlaudy.com\/en\/tourism-finistere\/#breadcrumb","itemListElement":[{"@type":"ListItem","position":1,"name":"Finistere Yurt","item":"https:\/\/www.campingkerlaudy.com\/en\/"},{"@type":"ListItem","position":2,"name":"Holidays in Finist\u00e8re"}]},{"@type":"WebSite","@id":"https:\/\/www.campingkerlaudy.com\/en\/#website","url":"https:\/\/www.campingkerlaudy.com\/en\/","name":"Camping Kerlaudy Mer Yourtes","description":"","potentialAction":[{"@type":"SearchAction","target":{"@type":"EntryPoint","urlTemplate":"https:\/\/www.campingkerlaudy.com\/en\/?s={search_term_string}"},"query-input":"required name=search_term_string"}],"inLanguage":"en-US"}]}},"_links":{"self":[{"href":"https:\/\/www.campingkerlaudy.com\/en\/wp-json\/wp\/v2\/pages\/1135"}],"collection":[{"href":"https:\/\/www.campingkerlaudy.com\/en\/wp-json\/wp\/v2\/pages"}],"about":[{"href":"https:\/\/www.campingkerlaudy.com\/en\/wp-json\/wp\/v2\/types\/page"}],"author":[{"embeddable":true,"href":"https:\/\/www.campingkerlaudy.com\/en\/wp-json\/wp\/v2\/users\/1"}],"replies":[{"embeddable":true,"href":"https:\/\/www.campingkerlaudy.com\/en\/wp-json\/wp\/v2\/comments?post=1135"}],"version-history":[{"count":2,"href":"https:\/\/www.campingkerlaudy.com\/en\/wp-json\/wp\/v2\/pages\/1135\/revisions"}],"predecessor-version":[{"id":1143,"href":"https:\/\/www.campingkerlaudy.com\/en\/wp-json\/wp\/v2\/pages\/1135\/revisions\/1143"}],"wp:featuredmedia":[{"embeddable":true,"href":"https:\/\/www.campingkerlaudy.com\/en\/wp-json\/wp\/v2\/media\/1024"}],"wp:attachment":[{"href":"https:\/\/www.campingkerlaudy.com\/en\/wp-json\/wp\/v2\/media?parent=1135"}],"curies":[{"name":"wp","href":"https:\/\/api.w.org\/{rel}","templated":true}]}}